{"id":173,"date":"2018-09-11T17:21:46","date_gmt":"2018-09-11T17:21:46","guid":{"rendered":"http:\/\/centaurus.local\/?page_id=173"},"modified":"2025-12-08T15:48:26","modified_gmt":"2025-12-08T12:48:26","slug":"blog-boxed-grid","status":"publish","type":"page","link":"https:\/\/pelit.tasarimliyoruz.com.tr\/index.php\/blog\/blog-boxed\/blog-boxed-grid\/","title":{"rendered":"Blog Boxed Grid"},"content":{"rendered":"\t\t<div data-elementor-type=\"wp-post\" data-elementor-id=\"173\" class=\"elementor elementor-173 elementor-bc-flex-widget\">\n\t\t\t\t\t\t<section class=\"elementor-section elementor-top-section elementor-element elementor-element-fbe2b05 elementor-section-boxed elementor-section-height-default elementor-section-height-default\" data-id=\"fbe2b05\" data-element_type=\"section\">\n\t\t\t\t\t\t<div class=\"elementor-container elementor-column-gap-default\">\n\t\t\t\t\t<div class=\"elementor-column elementor-col-50 elementor-top-column elementor-element elementor-element-b74a4e2\" data-id=\"b74a4e2\" data-element_type=\"column\">\n\t\t\t<div class=\"elementor-widget-wrap elementor-element-populated\">\n\t\t\t\t\t\t<div class=\"elementor-element elementor-element-d242b8a elementor-widget elementor-widget-heading\" data-id=\"d242b8a\" data-element_type=\"widget\" data-widget_type=\"heading.default\">\n\t\t\t\t\t<h3 class=\"elementor-heading-title elementor-size-default\">Blog Boxed Grid<\/h3>\t\t\t\t<\/div>\n\t\t\t\t<div class=\"elementor-element elementor-element-0d2f3a1 elementor-widget elementor-widget-text-editor\" data-id=\"0d2f3a1\" data-element_type=\"widget\" data-widget_type=\"text-editor.default\">\n\t\t\t\t\t\t\t\t\t<p>Start posting articles in a great looking grid,<br \/>with plenty of options that can be mixed together.<\/p>\t\t\t\t\t\t\t\t<\/div>\n\t\t\t\t\t<\/div>\n\t\t<\/div>\n\t\t\t\t<div class=\"elementor-column elementor-col-50 elementor-top-column elementor-element elementor-element-1bf597b\" data-id=\"1bf597b\" data-element_type=\"column\">\n\t\t\t<div class=\"elementor-widget-wrap\">\n\t\t\t\t\t\t\t<\/div>\n\t\t<\/div>\n\t\t\t\t\t<\/div>\n\t\t<\/section>\n\t\t\t\t<section class=\"elementor-section elementor-top-section elementor-element elementor-element-ec86fce elementor-section-boxed elementor-section-height-default elementor-section-height-default\" data-id=\"ec86fce\" data-element_type=\"section\">\n\t\t\t\t\t\t<div class=\"elementor-container elementor-column-gap-default\">\n\t\t\t\t\t<div class=\"elementor-column elementor-col-100 elementor-top-column elementor-element elementor-element-c7ba920\" data-id=\"c7ba920\" data-element_type=\"column\">\n\t\t\t<div class=\"elementor-widget-wrap elementor-element-populated\">\n\t\t\t\t\t\t<div class=\"elementor-element elementor-element-f9e4ddb elementor-widget elementor-widget-neuron-blog-grid\" data-id=\"f9e4ddb\" data-element_type=\"widget\" data-widget_type=\"neuron-blog-grid.default\">\n\t\t\t\t<div class=\"elementor-widget-container\">\n\t\t\t\t\t        <div class=\"l-blog-wrapper\">\n            <div class=\"row\">\n\t\t\t\t<div class=\"col-12\">\n                    <div class=\"l-blog-wrapper__posts-holder l-blog-wrapper__posts-holder--meta-outside\">\n                        <div class=\"row masonry\" data-masonry-id=\"0eefb5115638c1815dd7c150c145617d\" >\n                            \t\t\t\t\t\t\t\t                                <div class=\"selector col-md-6 col-lg-4 post-1 post type-post status-publish format-standard hentry category-genel\" id=\"id-1\" data-id=\"1\" > \n                                    <div class=\"o-blog-post h-fadeInUpNeuron wow\"  >\n                                        <div class=\"o-blog-post__content\">\n    <h3 class=\"o-blog-post__title\">\n        <a href=\"https:\/\/pelit.tasarimliyoruz.com.tr\/index.php\/2025\/12\/08\/merhaba-dunya\/\">Merhaba d\u00fcnya!<\/a>\n    <\/h3>\n            <div class=\"o-blog-post__meta\">\n            <span class=\"o-blog-post__time\">\n    <svg xmlns=\"http:\/\/www.w3.org\/2000\/svg\" viewBox=\"0 0 24 24\" fill=\"none\" stroke-width=\"2\" stroke-linecap=\"round\" stroke-linejoin=\"round\" class=\"feather feather-clock\"><circle cx=\"12\" cy=\"12\" r=\"10\"><\/circle><polyline points=\"12 6 12 12 16 14\"><\/polyline><\/svg>\n    <span>8 Aral\u0131k 2025<\/span>\n<\/span><div class=\"a-seperator\">\n    <ul>\n        <svg xmlns=\"http:\/\/www.w3.org\/2000\/svg\" viewBox=\"0 0 24 24\" fill=\"none\" stroke-width=\"2\" stroke-linecap=\"round\" stroke-linejoin=\"round\" class=\"feather feather-folder\"><path d=\"M22 19a2 2 0 0 1-2 2H4a2 2 0 0 1-2-2V5a2 2 0 0 1 2-2h5l2 3h9a2 2 0 0 1 2 2z\"><\/path><\/svg>\n                    <li><a href=\"https:\/\/pelit.tasarimliyoruz.com.tr\/index.php\/category\/genel\/\">Genel<\/a><\/li>\n            <\/ul>\n<\/div>\n        <\/div>\n        <p>WordPress&#8217;e ho\u015f geldiniz. Bu sizin ilk yaz\u0131n\u0131z. Bu yaz\u0131y\u0131 d\u00fczenleyin ya da silin. Sonra yazmaya ba\u015flay\u0131n!<\/p>\n<div class=\"o-blog-post__author d-flex aling-items-center\">\n    <div class=\"avatar\">\n        <img alt='' src='https:\/\/secure.gravatar.com\/avatar\/f36a2f4b3f1605ca76729a2f5e4460c4714d37b542fb502c5be65be1b9e6f6d2?s=32&#038;d=mm&#038;r=g' srcset='https:\/\/secure.gravatar.com\/avatar\/f36a2f4b3f1605ca76729a2f5e4460c4714d37b542fb502c5be65be1b9e6f6d2?s=64&#038;d=mm&#038;r=g 2x' class='avatar avatar-32 photo' height='32' width='32' \/>    <\/div>\n    <div class=\"author-name\">\n        <a href=\"https:\/\/pelit.tasarimliyoruz.com.tr\/index.php\/author\/admin\/\" title=\"admin taraf\u0131ndan yaz\u0131lan yaz\u0131lar\" rel=\"author\">admin<\/a>    <\/div>\n<\/div><\/div>                                    <\/div>\n                                <\/div>\n                            \t\t\t\t\t\t\t\t                                <div class=\"selector col-md-6 col-lg-4 post-6685 post type-post status-publish format-standard hentry category-apps category-social category-tech tag-developers tag-enterprise tag-startups\" id=\"id-6685\" data-id=\"6685\" > \n                                    <div class=\"o-blog-post h-fadeInUpNeuron wow\" data-wow-delay=0.2s >\n                                        <div class=\"o-blog-post__content\">\n    <h3 class=\"o-blog-post__title\">\n        <a href=\"https:\/\/pelit.tasarimliyoruz.com.tr\/index.php\/2018\/10\/16\/custom-post-layout-v4\/\">Custom Post Layout v4<\/a>\n    <\/h3>\n            <div class=\"o-blog-post__meta\">\n            <span class=\"o-blog-post__time\">\n    <svg xmlns=\"http:\/\/www.w3.org\/2000\/svg\" viewBox=\"0 0 24 24\" fill=\"none\" stroke-width=\"2\" stroke-linecap=\"round\" stroke-linejoin=\"round\" class=\"feather feather-clock\"><circle cx=\"12\" cy=\"12\" r=\"10\"><\/circle><polyline points=\"12 6 12 12 16 14\"><\/polyline><\/svg>\n    <span>16 Ekim 2018<\/span>\n<\/span><div class=\"a-seperator\">\n    <ul>\n        <svg xmlns=\"http:\/\/www.w3.org\/2000\/svg\" viewBox=\"0 0 24 24\" fill=\"none\" stroke-width=\"2\" stroke-linecap=\"round\" stroke-linejoin=\"round\" class=\"feather feather-folder\"><path d=\"M22 19a2 2 0 0 1-2 2H4a2 2 0 0 1-2-2V5a2 2 0 0 1 2-2h5l2 3h9a2 2 0 0 1 2 2z\"><\/path><\/svg>\n                    <li><a href=\"https:\/\/pelit.tasarimliyoruz.com.tr\/index.php\/category\/apps\/\">Apps<\/a><\/li>\n                    <li><a href=\"https:\/\/pelit.tasarimliyoruz.com.tr\/index.php\/category\/social\/\">Social<\/a><\/li>\n                    <li><a href=\"https:\/\/pelit.tasarimliyoruz.com.tr\/index.php\/category\/tech\/\">Tech<\/a><\/li>\n            <\/ul>\n<\/div>\n<div class=\"a-seperator\">\n    <ul>\n        <svg xmlns=\"http:\/\/www.w3.org\/2000\/svg\" viewBox=\"0 0 24 24\" fill=\"none\" stroke-width=\"2\" stroke-linecap=\"round\" stroke-linejoin=\"round\" class=\"feather feather-tag\"><path d=\"M20.59 13.41l-7.17 7.17a2 2 0 0 1-2.83 0L2 12V2h10l8.59 8.59a2 2 0 0 1 0 2.82z\"><\/path><line x1=\"7\" y1=\"7\" x2=\"7\" y2=\"7\"><\/line><\/svg>\n                    <li><a href=\"https:\/\/pelit.tasarimliyoruz.com.tr\/index.php\/tag\/developers\/\">Developers<\/a><\/li>\n                    <li><a href=\"https:\/\/pelit.tasarimliyoruz.com.tr\/index.php\/tag\/enterprise\/\">Enterprise<\/a><\/li>\n                    <li><a href=\"https:\/\/pelit.tasarimliyoruz.com.tr\/index.php\/tag\/startups\/\">Startups<\/a><\/li>\n            <\/ul>\n<\/div>        <\/div>\n        <p>Lorem ipsum dolor sit amet, consectetur adipiscing elit. Etiam blandit sem vel neque iaculis, vitae tempus lacus pellentesque&#8230;.<\/p>\n<div class=\"o-blog-post__author d-flex aling-items-center\">\n    <div class=\"avatar\">\n        <img alt='' src='https:\/\/secure.gravatar.com\/avatar\/f36a2f4b3f1605ca76729a2f5e4460c4714d37b542fb502c5be65be1b9e6f6d2?s=32&#038;d=mm&#038;r=g' srcset='https:\/\/secure.gravatar.com\/avatar\/f36a2f4b3f1605ca76729a2f5e4460c4714d37b542fb502c5be65be1b9e6f6d2?s=64&#038;d=mm&#038;r=g 2x' class='avatar avatar-32 photo' height='32' width='32' \/>    <\/div>\n    <div class=\"author-name\">\n        <a href=\"https:\/\/pelit.tasarimliyoruz.com.tr\/index.php\/author\/admin\/\" title=\"admin taraf\u0131ndan yaz\u0131lan yaz\u0131lar\" rel=\"author\">admin<\/a>    <\/div>\n<\/div><\/div>                                    <\/div>\n                                <\/div>\n                            \t\t\t\t\t\t\t\t                                <div class=\"selector col-md-6 col-lg-4 post-6683 post type-post status-publish format-standard hentry category-apps category-social category-tech tag-developers tag-enterprise tag-startups\" id=\"id-6683\" data-id=\"6683\" > \n                                    <div class=\"o-blog-post h-fadeInUpNeuron wow\" data-wow-delay=0.4s >\n                                        <div class=\"o-blog-post__content\">\n    <h3 class=\"o-blog-post__title\">\n        <a href=\"https:\/\/pelit.tasarimliyoruz.com.tr\/index.php\/2018\/10\/16\/custom-post-layout-v3\/\">Custom Post Layout v3<\/a>\n    <\/h3>\n            <div class=\"o-blog-post__meta\">\n            <span class=\"o-blog-post__time\">\n    <svg xmlns=\"http:\/\/www.w3.org\/2000\/svg\" viewBox=\"0 0 24 24\" fill=\"none\" stroke-width=\"2\" stroke-linecap=\"round\" stroke-linejoin=\"round\" class=\"feather feather-clock\"><circle cx=\"12\" cy=\"12\" r=\"10\"><\/circle><polyline points=\"12 6 12 12 16 14\"><\/polyline><\/svg>\n    <span>16 Ekim 2018<\/span>\n<\/span><div class=\"a-seperator\">\n    <ul>\n        <svg xmlns=\"http:\/\/www.w3.org\/2000\/svg\" viewBox=\"0 0 24 24\" fill=\"none\" stroke-width=\"2\" stroke-linecap=\"round\" stroke-linejoin=\"round\" class=\"feather feather-folder\"><path d=\"M22 19a2 2 0 0 1-2 2H4a2 2 0 0 1-2-2V5a2 2 0 0 1 2-2h5l2 3h9a2 2 0 0 1 2 2z\"><\/path><\/svg>\n                    <li><a href=\"https:\/\/pelit.tasarimliyoruz.com.tr\/index.php\/category\/apps\/\">Apps<\/a><\/li>\n                    <li><a href=\"https:\/\/pelit.tasarimliyoruz.com.tr\/index.php\/category\/social\/\">Social<\/a><\/li>\n                    <li><a href=\"https:\/\/pelit.tasarimliyoruz.com.tr\/index.php\/category\/tech\/\">Tech<\/a><\/li>\n            <\/ul>\n<\/div>\n<div class=\"a-seperator\">\n    <ul>\n        <svg xmlns=\"http:\/\/www.w3.org\/2000\/svg\" viewBox=\"0 0 24 24\" fill=\"none\" stroke-width=\"2\" stroke-linecap=\"round\" stroke-linejoin=\"round\" class=\"feather feather-tag\"><path d=\"M20.59 13.41l-7.17 7.17a2 2 0 0 1-2.83 0L2 12V2h10l8.59 8.59a2 2 0 0 1 0 2.82z\"><\/path><line x1=\"7\" y1=\"7\" x2=\"7\" y2=\"7\"><\/line><\/svg>\n                    <li><a href=\"https:\/\/pelit.tasarimliyoruz.com.tr\/index.php\/tag\/developers\/\">Developers<\/a><\/li>\n                    <li><a href=\"https:\/\/pelit.tasarimliyoruz.com.tr\/index.php\/tag\/enterprise\/\">Enterprise<\/a><\/li>\n                    <li><a href=\"https:\/\/pelit.tasarimliyoruz.com.tr\/index.php\/tag\/startups\/\">Startups<\/a><\/li>\n            <\/ul>\n<\/div>        <\/div>\n        <p>Lorem ipsum dolor sit amet, consectetur adipiscing elit. Etiam blandit sem vel neque iaculis, vitae tempus lacus pellentesque&#8230;.<\/p>\n<div class=\"o-blog-post__author d-flex aling-items-center\">\n    <div class=\"avatar\">\n        <img alt='' src='https:\/\/secure.gravatar.com\/avatar\/f36a2f4b3f1605ca76729a2f5e4460c4714d37b542fb502c5be65be1b9e6f6d2?s=32&#038;d=mm&#038;r=g' srcset='https:\/\/secure.gravatar.com\/avatar\/f36a2f4b3f1605ca76729a2f5e4460c4714d37b542fb502c5be65be1b9e6f6d2?s=64&#038;d=mm&#038;r=g 2x' class='avatar avatar-32 photo' height='32' width='32' \/>    <\/div>\n    <div class=\"author-name\">\n        <a href=\"https:\/\/pelit.tasarimliyoruz.com.tr\/index.php\/author\/admin\/\" title=\"admin taraf\u0131ndan yaz\u0131lan yaz\u0131lar\" rel=\"author\">admin<\/a>    <\/div>\n<\/div><\/div>                                    <\/div>\n                                <\/div>\n                            \t\t\t\t\t\t\t\t                                <div class=\"selector col-md-6 col-lg-4 post-6681 post type-post status-publish format-standard hentry category-apps category-social category-tech tag-apps tag-conference tag-developers\" id=\"id-6681\" data-id=\"6681\" > \n                                    <div class=\"o-blog-post h-fadeInUpNeuron wow\" data-wow-delay=0.6s >\n                                        <div class=\"o-blog-post__content\">\n    <h3 class=\"o-blog-post__title\">\n        <a href=\"https:\/\/pelit.tasarimliyoruz.com.tr\/index.php\/2018\/10\/16\/custom-post-layout-v2\/\">Custom Post Layout v2<\/a>\n    <\/h3>\n            <div class=\"o-blog-post__meta\">\n            <span class=\"o-blog-post__time\">\n    <svg xmlns=\"http:\/\/www.w3.org\/2000\/svg\" viewBox=\"0 0 24 24\" fill=\"none\" stroke-width=\"2\" stroke-linecap=\"round\" stroke-linejoin=\"round\" class=\"feather feather-clock\"><circle cx=\"12\" cy=\"12\" r=\"10\"><\/circle><polyline points=\"12 6 12 12 16 14\"><\/polyline><\/svg>\n    <span>16 Ekim 2018<\/span>\n<\/span><div class=\"a-seperator\">\n    <ul>\n        <svg xmlns=\"http:\/\/www.w3.org\/2000\/svg\" viewBox=\"0 0 24 24\" fill=\"none\" stroke-width=\"2\" stroke-linecap=\"round\" stroke-linejoin=\"round\" class=\"feather feather-folder\"><path d=\"M22 19a2 2 0 0 1-2 2H4a2 2 0 0 1-2-2V5a2 2 0 0 1 2-2h5l2 3h9a2 2 0 0 1 2 2z\"><\/path><\/svg>\n                    <li><a href=\"https:\/\/pelit.tasarimliyoruz.com.tr\/index.php\/category\/apps\/\">Apps<\/a><\/li>\n                    <li><a href=\"https:\/\/pelit.tasarimliyoruz.com.tr\/index.php\/category\/social\/\">Social<\/a><\/li>\n                    <li><a href=\"https:\/\/pelit.tasarimliyoruz.com.tr\/index.php\/category\/tech\/\">Tech<\/a><\/li>\n            <\/ul>\n<\/div>\n<div class=\"a-seperator\">\n    <ul>\n        <svg xmlns=\"http:\/\/www.w3.org\/2000\/svg\" viewBox=\"0 0 24 24\" fill=\"none\" stroke-width=\"2\" stroke-linecap=\"round\" stroke-linejoin=\"round\" class=\"feather feather-tag\"><path d=\"M20.59 13.41l-7.17 7.17a2 2 0 0 1-2.83 0L2 12V2h10l8.59 8.59a2 2 0 0 1 0 2.82z\"><\/path><line x1=\"7\" y1=\"7\" x2=\"7\" y2=\"7\"><\/line><\/svg>\n                    <li><a href=\"https:\/\/pelit.tasarimliyoruz.com.tr\/index.php\/tag\/apps\/\">Apps<\/a><\/li>\n                    <li><a href=\"https:\/\/pelit.tasarimliyoruz.com.tr\/index.php\/tag\/conference\/\">Conference<\/a><\/li>\n                    <li><a href=\"https:\/\/pelit.tasarimliyoruz.com.tr\/index.php\/tag\/developers\/\">Developers<\/a><\/li>\n            <\/ul>\n<\/div>        <\/div>\n        <p>Lorem ipsum dolor sit amet, consectetur adipiscing elit. Etiam blandit sem vel neque iaculis, vitae tempus lacus pellentesque&#8230;.<\/p>\n<div class=\"o-blog-post__author d-flex aling-items-center\">\n    <div class=\"avatar\">\n        <img alt='' src='https:\/\/secure.gravatar.com\/avatar\/f36a2f4b3f1605ca76729a2f5e4460c4714d37b542fb502c5be65be1b9e6f6d2?s=32&#038;d=mm&#038;r=g' srcset='https:\/\/secure.gravatar.com\/avatar\/f36a2f4b3f1605ca76729a2f5e4460c4714d37b542fb502c5be65be1b9e6f6d2?s=64&#038;d=mm&#038;r=g 2x' class='avatar avatar-32 photo' height='32' width='32' \/>    <\/div>\n    <div class=\"author-name\">\n        <a href=\"https:\/\/pelit.tasarimliyoruz.com.tr\/index.php\/author\/admin\/\" title=\"admin taraf\u0131ndan yaz\u0131lan yaz\u0131lar\" rel=\"author\">admin<\/a>    <\/div>\n<\/div><\/div>                                    <\/div>\n                                <\/div>\n                            \t\t\t\t\t\t\t\t                                <div class=\"selector col-md-6 col-lg-4 post-6679 post type-post status-publish format-standard hentry category-apps category-social category-tech tag-apps tag-conference tag-developers\" id=\"id-6679\" data-id=\"6679\" > \n                                    <div class=\"o-blog-post h-fadeInUpNeuron wow\" data-wow-delay=0.8s >\n                                        <div class=\"o-blog-post__content\">\n    <h3 class=\"o-blog-post__title\">\n        <a href=\"https:\/\/pelit.tasarimliyoruz.com.tr\/index.php\/2018\/10\/16\/custom-post-layout\/\">Custom Post Layout<\/a>\n    <\/h3>\n            <div class=\"o-blog-post__meta\">\n            <span class=\"o-blog-post__time\">\n    <svg xmlns=\"http:\/\/www.w3.org\/2000\/svg\" viewBox=\"0 0 24 24\" fill=\"none\" stroke-width=\"2\" stroke-linecap=\"round\" stroke-linejoin=\"round\" class=\"feather feather-clock\"><circle cx=\"12\" cy=\"12\" r=\"10\"><\/circle><polyline points=\"12 6 12 12 16 14\"><\/polyline><\/svg>\n    <span>16 Ekim 2018<\/span>\n<\/span><div class=\"a-seperator\">\n    <ul>\n        <svg xmlns=\"http:\/\/www.w3.org\/2000\/svg\" viewBox=\"0 0 24 24\" fill=\"none\" stroke-width=\"2\" stroke-linecap=\"round\" stroke-linejoin=\"round\" class=\"feather feather-folder\"><path d=\"M22 19a2 2 0 0 1-2 2H4a2 2 0 0 1-2-2V5a2 2 0 0 1 2-2h5l2 3h9a2 2 0 0 1 2 2z\"><\/path><\/svg>\n                    <li><a href=\"https:\/\/pelit.tasarimliyoruz.com.tr\/index.php\/category\/apps\/\">Apps<\/a><\/li>\n                    <li><a href=\"https:\/\/pelit.tasarimliyoruz.com.tr\/index.php\/category\/social\/\">Social<\/a><\/li>\n                    <li><a href=\"https:\/\/pelit.tasarimliyoruz.com.tr\/index.php\/category\/tech\/\">Tech<\/a><\/li>\n            <\/ul>\n<\/div>\n<div class=\"a-seperator\">\n    <ul>\n        <svg xmlns=\"http:\/\/www.w3.org\/2000\/svg\" viewBox=\"0 0 24 24\" fill=\"none\" stroke-width=\"2\" stroke-linecap=\"round\" stroke-linejoin=\"round\" class=\"feather feather-tag\"><path d=\"M20.59 13.41l-7.17 7.17a2 2 0 0 1-2.83 0L2 12V2h10l8.59 8.59a2 2 0 0 1 0 2.82z\"><\/path><line x1=\"7\" y1=\"7\" x2=\"7\" y2=\"7\"><\/line><\/svg>\n                    <li><a href=\"https:\/\/pelit.tasarimliyoruz.com.tr\/index.php\/tag\/apps\/\">Apps<\/a><\/li>\n                    <li><a href=\"https:\/\/pelit.tasarimliyoruz.com.tr\/index.php\/tag\/conference\/\">Conference<\/a><\/li>\n                    <li><a href=\"https:\/\/pelit.tasarimliyoruz.com.tr\/index.php\/tag\/developers\/\">Developers<\/a><\/li>\n            <\/ul>\n<\/div>        <\/div>\n        <p>Lorem ipsum dolor sit amet, consectetur adipiscing elit. Etiam blandit sem vel neque iaculis, vitae tempus lacus pellentesque&#8230;.<\/p>\n<div class=\"o-blog-post__author d-flex aling-items-center\">\n    <div class=\"avatar\">\n        <img alt='' src='https:\/\/secure.gravatar.com\/avatar\/f36a2f4b3f1605ca76729a2f5e4460c4714d37b542fb502c5be65be1b9e6f6d2?s=32&#038;d=mm&#038;r=g' srcset='https:\/\/secure.gravatar.com\/avatar\/f36a2f4b3f1605ca76729a2f5e4460c4714d37b542fb502c5be65be1b9e6f6d2?s=64&#038;d=mm&#038;r=g 2x' class='avatar avatar-32 photo' height='32' width='32' \/>    <\/div>\n    <div class=\"author-name\">\n        <a href=\"https:\/\/pelit.tasarimliyoruz.com.tr\/index.php\/author\/admin\/\" title=\"admin taraf\u0131ndan yaz\u0131lan yaz\u0131lar\" rel=\"author\">admin<\/a>    <\/div>\n<\/div><\/div>                                    <\/div>\n                                <\/div>\n                            \t\t\t\t\t\t\t\t                                <div class=\"selector col-md-6 col-lg-4 post-4448 post type-post status-publish format-standard hentry category-apps category-social category-tech tag-apps tag-conference tag-developers\" id=\"id-4448\" data-id=\"4448\" > \n                                    <div class=\"o-blog-post h-fadeInUpNeuron wow\" data-wow-delay=1s >\n                                        <div class=\"o-blog-post__content\">\n    <h3 class=\"o-blog-post__title\">\n        <a href=\"https:\/\/pelit.tasarimliyoruz.com.tr\/index.php\/2018\/10\/02\/post-layout-v5\/\">Post Layout v5<\/a>\n    <\/h3>\n            <div class=\"o-blog-post__meta\">\n            <span class=\"o-blog-post__time\">\n    <svg xmlns=\"http:\/\/www.w3.org\/2000\/svg\" viewBox=\"0 0 24 24\" fill=\"none\" stroke-width=\"2\" stroke-linecap=\"round\" stroke-linejoin=\"round\" class=\"feather feather-clock\"><circle cx=\"12\" cy=\"12\" r=\"10\"><\/circle><polyline points=\"12 6 12 12 16 14\"><\/polyline><\/svg>\n    <span>2 Ekim 2018<\/span>\n<\/span><div class=\"a-seperator\">\n    <ul>\n        <svg xmlns=\"http:\/\/www.w3.org\/2000\/svg\" viewBox=\"0 0 24 24\" fill=\"none\" stroke-width=\"2\" stroke-linecap=\"round\" stroke-linejoin=\"round\" class=\"feather feather-folder\"><path d=\"M22 19a2 2 0 0 1-2 2H4a2 2 0 0 1-2-2V5a2 2 0 0 1 2-2h5l2 3h9a2 2 0 0 1 2 2z\"><\/path><\/svg>\n                    <li><a href=\"https:\/\/pelit.tasarimliyoruz.com.tr\/index.php\/category\/apps\/\">Apps<\/a><\/li>\n                    <li><a href=\"https:\/\/pelit.tasarimliyoruz.com.tr\/index.php\/category\/social\/\">Social<\/a><\/li>\n                    <li><a href=\"https:\/\/pelit.tasarimliyoruz.com.tr\/index.php\/category\/tech\/\">Tech<\/a><\/li>\n            <\/ul>\n<\/div>\n<div class=\"a-seperator\">\n    <ul>\n        <svg xmlns=\"http:\/\/www.w3.org\/2000\/svg\" viewBox=\"0 0 24 24\" fill=\"none\" stroke-width=\"2\" stroke-linecap=\"round\" stroke-linejoin=\"round\" class=\"feather feather-tag\"><path d=\"M20.59 13.41l-7.17 7.17a2 2 0 0 1-2.83 0L2 12V2h10l8.59 8.59a2 2 0 0 1 0 2.82z\"><\/path><line x1=\"7\" y1=\"7\" x2=\"7\" y2=\"7\"><\/line><\/svg>\n                    <li><a href=\"https:\/\/pelit.tasarimliyoruz.com.tr\/index.php\/tag\/apps\/\">Apps<\/a><\/li>\n                    <li><a href=\"https:\/\/pelit.tasarimliyoruz.com.tr\/index.php\/tag\/conference\/\">Conference<\/a><\/li>\n                    <li><a href=\"https:\/\/pelit.tasarimliyoruz.com.tr\/index.php\/tag\/developers\/\">Developers<\/a><\/li>\n            <\/ul>\n<\/div>        <\/div>\n        <p>Lorem ipsum dolor sit amet, consectetur adipiscing elit. Etiam blandit sem vel neque iaculis, vitae tempus lacus pellentesque&#8230;.<\/p>\n<div class=\"o-blog-post__author d-flex aling-items-center\">\n    <div class=\"avatar\">\n        <img alt='' src='https:\/\/secure.gravatar.com\/avatar\/f36a2f4b3f1605ca76729a2f5e4460c4714d37b542fb502c5be65be1b9e6f6d2?s=32&#038;d=mm&#038;r=g' srcset='https:\/\/secure.gravatar.com\/avatar\/f36a2f4b3f1605ca76729a2f5e4460c4714d37b542fb502c5be65be1b9e6f6d2?s=64&#038;d=mm&#038;r=g 2x' class='avatar avatar-32 photo' height='32' width='32' \/>    <\/div>\n    <div class=\"author-name\">\n        <a href=\"https:\/\/pelit.tasarimliyoruz.com.tr\/index.php\/author\/admin\/\" title=\"admin taraf\u0131ndan yaz\u0131lan yaz\u0131lar\" rel=\"author\">admin<\/a>    <\/div>\n<\/div><\/div>                                    <\/div>\n                                <\/div>\n                                                    <\/div>\n\t\t\t\t\t\t<div class='o-pagination'><div class='container'><div class='row align-items-center h-medium-top-padding h-medium-bottom-padding'><div class='o-pagination__arrow d-inline-flex col-2 o-pagination__arrow--disabled'><a class=\"centaurus-link d-inline-flex\" href='https:\/\/pelit.tasarimliyoruz.com.tr\/index.php\/wp-json\/wp\/v2\/pages\/173\/'><svg xmlns='http:\/\/www.w3.org\/2000\/svg' width='22' height='22' viewBox='0 0 24 24' fill='none' stroke-width='2' stroke-linecap='round' stroke-linejoin='round' class='feather feather-chevron-left'><polyline points='15 18 9 12 15 6'><\/polyline><\/svg><\/a><\/div><ul class='col-8 h-align-center o-pagination__numbers'><li class=\"active\"><a>1<\/a><\/li><li><a href='https:\/\/pelit.tasarimliyoruz.com.tr\/index.php\/wp-json\/wp\/v2\/pages\/173\/page\/2\/' class=\"inactive centaurus-link\">2<\/a><\/li><\/ul><div class='o-pagination__arrow d-inline-flex col-2'><a class=\"centaurus-link d-inline-flex ml-auto\" href='https:\/\/pelit.tasarimliyoruz.com.tr\/index.php\/wp-json\/wp\/v2\/pages\/173\/page\/2\/'><svg xmlns='http:\/\/www.w3.org\/2000\/svg' width='22' height='22' viewBox='0 0 24 24' fill='none' stroke-width='2' stroke-linecap='round' stroke-linejoin='round' class='feather feather-chevron-right'><polyline points='9 18 15 12 9 6'><\/polyline><\/svg><\/a><\/div><\/div><\/div><\/div>\n                    <\/div>\n                <\/div>\n                            <\/div>\n        <\/div>\n\t\t    \t\t\t\t<\/div>\n\t\t\t\t<\/div>\n\t\t\t\t\t<\/div>\n\t\t<\/div>\n\t\t\t\t\t<\/div>\n\t\t<\/section>\n\t\t\t\t<\/div>\n\t\t","protected":false},"excerpt":{"rendered":"<p>Blog Boxed Grid Start posting articles in a great looking grid, with plenty of options that can be&#8230;<\/p>\n","protected":false},"author":1,"featured_media":0,"parent":3160,"menu_order":22,"comment_status":"closed","ping_status":"closed","template":"","meta":{"footnotes":""},"class_list":["post-173","page","type-page","status-publish","hentry"],"_links":{"self":[{"href":"https:\/\/pelit.tasarimliyoruz.com.tr\/index.php\/wp-json\/wp\/v2\/pages\/173","targetHints":{"allow":["GET"]}}],"collection":[{"href":"https:\/\/pelit.tasarimliyoruz.com.tr\/index.php\/wp-json\/wp\/v2\/pages"}],"about":[{"href":"https:\/\/pelit.tasarimliyoruz.com.tr\/index.php\/wp-json\/wp\/v2\/types\/page"}],"author":[{"embeddable":true,"href":"https:\/\/pelit.tasarimliyoruz.com.tr\/index.php\/wp-json\/wp\/v2\/users\/1"}],"replies":[{"embeddable":true,"href":"https:\/\/pelit.tasarimliyoruz.com.tr\/index.php\/wp-json\/wp\/v2\/comments?post=173"}],"version-history":[{"count":1,"href":"https:\/\/pelit.tasarimliyoruz.com.tr\/index.php\/wp-json\/wp\/v2\/pages\/173\/revisions"}],"predecessor-version":[{"id":10421,"href":"https:\/\/pelit.tasarimliyoruz.com.tr\/index.php\/wp-json\/wp\/v2\/pages\/173\/revisions\/10421"}],"up":[{"embeddable":true,"href":"https:\/\/pelit.tasarimliyoruz.com.tr\/index.php\/wp-json\/wp\/v2\/pages\/3160"}],"wp:attachment":[{"href":"https:\/\/pelit.tasarimliyoruz.com.tr\/index.php\/wp-json\/wp\/v2\/media?parent=173"}],"curies":[{"name":"wp","href":"https:\/\/api.w.org\/{rel}","templated":true}]}}