{"id":198,"date":"2018-09-11T17:27:33","date_gmt":"2018-09-11T17:27:33","guid":{"rendered":"http:\/\/centaurus.local\/?page_id=198"},"modified":"2025-12-08T15:48:27","modified_gmt":"2025-12-08T12:48:27","slug":"blog-wide-masonry","status":"publish","type":"page","link":"https:\/\/pelit.tasarimliyoruz.com.tr\/index.php\/blog\/blog-wide\/blog-wide-masonry\/","title":{"rendered":"Blog Wide Masonry"},"content":{"rendered":"\t\t<div data-elementor-type=\"wp-post\" data-elementor-id=\"198\" class=\"elementor elementor-198 elementor-bc-flex-widget\">\n\t\t\t\t\t\t<section class=\"elementor-section elementor-top-section elementor-element elementor-element-3ef6925 elementor-section-full_width elementor-section-height-default elementor-section-height-default\" data-id=\"3ef6925\" data-element_type=\"section\">\n\t\t\t\t\t\t<div class=\"elementor-container elementor-column-gap-default\">\n\t\t\t\t\t<div class=\"elementor-column elementor-col-100 elementor-top-column elementor-element elementor-element-a68488b\" data-id=\"a68488b\" data-element_type=\"column\">\n\t\t\t<div class=\"elementor-widget-wrap elementor-element-populated\">\n\t\t\t\t\t\t<div class=\"elementor-element elementor-element-1194b6b elementor-widget elementor-widget-neuron-blog-grid\" data-id=\"1194b6b\" data-element_type=\"widget\" data-widget_type=\"neuron-blog-grid.default\">\n\t\t\t\t<div class=\"elementor-widget-container\">\n\t\t\t\t\t        <div class=\"l-blog-wrapper\">\n            <div class=\"row\">\n\t\t\t\t<div class=\"col-12\">\n                    <div class=\"l-blog-wrapper__posts-holder l-blog-wrapper__posts-holder--meta-outside\">\n                        <div class=\"row masonry\" data-masonry-id=\"a43b740ca489684b83ca95b5f80459d7\" >\n                            \t\t\t\t\t\t\t\t                                <div class=\"selector col-md-6 col-lg-3 post-1 post type-post status-publish format-standard hentry category-genel\" id=\"id-1\" data-id=\"1\" > \n                                    <div class=\"o-blog-post h-fadeInUpNeuron wow\"  >\n                                        <div class=\"o-blog-post__content\">\n    <h3 class=\"o-blog-post__title\">\n        <a href=\"https:\/\/pelit.tasarimliyoruz.com.tr\/index.php\/2025\/12\/08\/merhaba-dunya\/\">Merhaba d\u00fcnya!<\/a>\n    <\/h3>\n            <div class=\"o-blog-post__meta\">\n            <span class=\"o-blog-post__time\">\n    <svg xmlns=\"http:\/\/www.w3.org\/2000\/svg\" viewBox=\"0 0 24 24\" fill=\"none\" stroke-width=\"2\" stroke-linecap=\"round\" stroke-linejoin=\"round\" class=\"feather feather-clock\"><circle cx=\"12\" cy=\"12\" r=\"10\"><\/circle><polyline points=\"12 6 12 12 16 14\"><\/polyline><\/svg>\n    <span>8 Aral\u0131k 2025<\/span>\n<\/span><div class=\"a-seperator\">\n    <ul>\n        <svg xmlns=\"http:\/\/www.w3.org\/2000\/svg\" viewBox=\"0 0 24 24\" fill=\"none\" stroke-width=\"2\" stroke-linecap=\"round\" stroke-linejoin=\"round\" class=\"feather feather-folder\"><path d=\"M22 19a2 2 0 0 1-2 2H4a2 2 0 0 1-2-2V5a2 2 0 0 1 2-2h5l2 3h9a2 2 0 0 1 2 2z\"><\/path><\/svg>\n                    <li><a href=\"https:\/\/pelit.tasarimliyoruz.com.tr\/index.php\/category\/genel\/\">Genel<\/a><\/li>\n            <\/ul>\n<\/div>\n        <\/div>\n        <p>WordPress&#8217;e ho\u015f geldiniz. Bu sizin ilk yaz\u0131n\u0131z. Bu yaz\u0131y\u0131 d\u00fczenleyin ya da silin. Sonra yazmaya ba\u015flay\u0131n!<\/p>\n<div class=\"o-blog-post__author d-flex aling-items-center\">\n    <div class=\"avatar\">\n        <img alt='' src='https:\/\/secure.gravatar.com\/avatar\/f36a2f4b3f1605ca76729a2f5e4460c4714d37b542fb502c5be65be1b9e6f6d2?s=32&#038;d=mm&#038;r=g' srcset='https:\/\/secure.gravatar.com\/avatar\/f36a2f4b3f1605ca76729a2f5e4460c4714d37b542fb502c5be65be1b9e6f6d2?s=64&#038;d=mm&#038;r=g 2x' class='avatar avatar-32 photo' height='32' width='32' \/>    <\/div>\n    <div class=\"author-name\">\n        <a href=\"https:\/\/pelit.tasarimliyoruz.com.tr\/index.php\/author\/admin\/\" title=\"admin taraf\u0131ndan yaz\u0131lan yaz\u0131lar\" rel=\"author\">admin<\/a>    <\/div>\n<\/div><\/div>                                    <\/div>\n                                <\/div>\n                            \t\t\t\t\t\t\t\t                                <div class=\"selector col-md-6 col-lg-3 post-6685 post type-post status-publish format-standard hentry category-apps category-social category-tech tag-developers tag-enterprise tag-startups\" id=\"id-6685\" data-id=\"6685\" > \n                                    <div class=\"o-blog-post h-fadeInUpNeuron wow\" data-wow-delay=0.2s >\n                                        <div class=\"o-blog-post__content\">\n    <h3 class=\"o-blog-post__title\">\n        <a href=\"https:\/\/pelit.tasarimliyoruz.com.tr\/index.php\/2018\/10\/16\/custom-post-layout-v4\/\">Custom Post Layout v4<\/a>\n    <\/h3>\n            <div class=\"o-blog-post__meta\">\n            <span class=\"o-blog-post__time\">\n    <svg xmlns=\"http:\/\/www.w3.org\/2000\/svg\" viewBox=\"0 0 24 24\" fill=\"none\" stroke-width=\"2\" stroke-linecap=\"round\" stroke-linejoin=\"round\" class=\"feather feather-clock\"><circle cx=\"12\" cy=\"12\" r=\"10\"><\/circle><polyline points=\"12 6 12 12 16 14\"><\/polyline><\/svg>\n    <span>16 Ekim 2018<\/span>\n<\/span><div class=\"a-seperator\">\n    <ul>\n        <svg xmlns=\"http:\/\/www.w3.org\/2000\/svg\" viewBox=\"0 0 24 24\" fill=\"none\" stroke-width=\"2\" stroke-linecap=\"round\" stroke-linejoin=\"round\" class=\"feather feather-folder\"><path d=\"M22 19a2 2 0 0 1-2 2H4a2 2 0 0 1-2-2V5a2 2 0 0 1 2-2h5l2 3h9a2 2 0 0 1 2 2z\"><\/path><\/svg>\n                    <li><a href=\"https:\/\/pelit.tasarimliyoruz.com.tr\/index.php\/category\/apps\/\">Apps<\/a><\/li>\n                    <li><a href=\"https:\/\/pelit.tasarimliyoruz.com.tr\/index.php\/category\/social\/\">Social<\/a><\/li>\n                    <li><a href=\"https:\/\/pelit.tasarimliyoruz.com.tr\/index.php\/category\/tech\/\">Tech<\/a><\/li>\n            <\/ul>\n<\/div>\n<div class=\"a-seperator\">\n    <ul>\n        <svg xmlns=\"http:\/\/www.w3.org\/2000\/svg\" viewBox=\"0 0 24 24\" fill=\"none\" stroke-width=\"2\" stroke-linecap=\"round\" stroke-linejoin=\"round\" class=\"feather feather-tag\"><path d=\"M20.59 13.41l-7.17 7.17a2 2 0 0 1-2.83 0L2 12V2h10l8.59 8.59a2 2 0 0 1 0 2.82z\"><\/path><line x1=\"7\" y1=\"7\" x2=\"7\" y2=\"7\"><\/line><\/svg>\n                    <li><a href=\"https:\/\/pelit.tasarimliyoruz.com.tr\/index.php\/tag\/developers\/\">Developers<\/a><\/li>\n                    <li><a href=\"https:\/\/pelit.tasarimliyoruz.com.tr\/index.php\/tag\/enterprise\/\">Enterprise<\/a><\/li>\n                    <li><a href=\"https:\/\/pelit.tasarimliyoruz.com.tr\/index.php\/tag\/startups\/\">Startups<\/a><\/li>\n            <\/ul>\n<\/div>        <\/div>\n        <p>Lorem ipsum dolor sit amet, consectetur adipiscing elit. Etiam blandit sem vel neque iaculis, vitae tempus lacus pellentesque&#8230;.<\/p>\n<div class=\"o-blog-post__author d-flex aling-items-center\">\n    <div class=\"avatar\">\n        <img alt='' src='https:\/\/secure.gravatar.com\/avatar\/f36a2f4b3f1605ca76729a2f5e4460c4714d37b542fb502c5be65be1b9e6f6d2?s=32&#038;d=mm&#038;r=g' srcset='https:\/\/secure.gravatar.com\/avatar\/f36a2f4b3f1605ca76729a2f5e4460c4714d37b542fb502c5be65be1b9e6f6d2?s=64&#038;d=mm&#038;r=g 2x' class='avatar avatar-32 photo' height='32' width='32' \/>    <\/div>\n    <div class=\"author-name\">\n        <a href=\"https:\/\/pelit.tasarimliyoruz.com.tr\/index.php\/author\/admin\/\" title=\"admin taraf\u0131ndan yaz\u0131lan yaz\u0131lar\" rel=\"author\">admin<\/a>    <\/div>\n<\/div><\/div>                                    <\/div>\n                                <\/div>\n                            \t\t\t\t\t\t\t\t                                <div class=\"selector col-md-6 col-lg-3 post-6683 post type-post status-publish format-standard hentry category-apps category-social category-tech tag-developers tag-enterprise tag-startups\" id=\"id-6683\" data-id=\"6683\" > \n                                    <div class=\"o-blog-post h-fadeInUpNeuron wow\" data-wow-delay=0.4s >\n                                        <div class=\"o-blog-post__content\">\n    <h3 class=\"o-blog-post__title\">\n        <a href=\"https:\/\/pelit.tasarimliyoruz.com.tr\/index.php\/2018\/10\/16\/custom-post-layout-v3\/\">Custom Post Layout v3<\/a>\n    <\/h3>\n            <div class=\"o-blog-post__meta\">\n            <span class=\"o-blog-post__time\">\n    <svg xmlns=\"http:\/\/www.w3.org\/2000\/svg\" viewBox=\"0 0 24 24\" fill=\"none\" stroke-width=\"2\" stroke-linecap=\"round\" stroke-linejoin=\"round\" class=\"feather feather-clock\"><circle cx=\"12\" cy=\"12\" r=\"10\"><\/circle><polyline points=\"12 6 12 12 16 14\"><\/polyline><\/svg>\n    <span>16 Ekim 2018<\/span>\n<\/span><div class=\"a-seperator\">\n    <ul>\n        <svg xmlns=\"http:\/\/www.w3.org\/2000\/svg\" viewBox=\"0 0 24 24\" fill=\"none\" stroke-width=\"2\" stroke-linecap=\"round\" stroke-linejoin=\"round\" class=\"feather feather-folder\"><path d=\"M22 19a2 2 0 0 1-2 2H4a2 2 0 0 1-2-2V5a2 2 0 0 1 2-2h5l2 3h9a2 2 0 0 1 2 2z\"><\/path><\/svg>\n                    <li><a href=\"https:\/\/pelit.tasarimliyoruz.com.tr\/index.php\/category\/apps\/\">Apps<\/a><\/li>\n                    <li><a href=\"https:\/\/pelit.tasarimliyoruz.com.tr\/index.php\/category\/social\/\">Social<\/a><\/li>\n                    <li><a href=\"https:\/\/pelit.tasarimliyoruz.com.tr\/index.php\/category\/tech\/\">Tech<\/a><\/li>\n            <\/ul>\n<\/div>\n<div class=\"a-seperator\">\n    <ul>\n        <svg xmlns=\"http:\/\/www.w3.org\/2000\/svg\" viewBox=\"0 0 24 24\" fill=\"none\" stroke-width=\"2\" stroke-linecap=\"round\" stroke-linejoin=\"round\" class=\"feather feather-tag\"><path d=\"M20.59 13.41l-7.17 7.17a2 2 0 0 1-2.83 0L2 12V2h10l8.59 8.59a2 2 0 0 1 0 2.82z\"><\/path><line x1=\"7\" y1=\"7\" x2=\"7\" y2=\"7\"><\/line><\/svg>\n                    <li><a href=\"https:\/\/pelit.tasarimliyoruz.com.tr\/index.php\/tag\/developers\/\">Developers<\/a><\/li>\n                    <li><a href=\"https:\/\/pelit.tasarimliyoruz.com.tr\/index.php\/tag\/enterprise\/\">Enterprise<\/a><\/li>\n                    <li><a href=\"https:\/\/pelit.tasarimliyoruz.com.tr\/index.php\/tag\/startups\/\">Startups<\/a><\/li>\n            <\/ul>\n<\/div>        <\/div>\n        <p>Lorem ipsum dolor sit amet, consectetur adipiscing elit. Etiam blandit sem vel neque iaculis, vitae tempus lacus pellentesque&#8230;.<\/p>\n<div class=\"o-blog-post__author d-flex aling-items-center\">\n    <div class=\"avatar\">\n        <img alt='' src='https:\/\/secure.gravatar.com\/avatar\/f36a2f4b3f1605ca76729a2f5e4460c4714d37b542fb502c5be65be1b9e6f6d2?s=32&#038;d=mm&#038;r=g' srcset='https:\/\/secure.gravatar.com\/avatar\/f36a2f4b3f1605ca76729a2f5e4460c4714d37b542fb502c5be65be1b9e6f6d2?s=64&#038;d=mm&#038;r=g 2x' class='avatar avatar-32 photo' height='32' width='32' \/>    <\/div>\n    <div class=\"author-name\">\n        <a href=\"https:\/\/pelit.tasarimliyoruz.com.tr\/index.php\/author\/admin\/\" title=\"admin taraf\u0131ndan yaz\u0131lan yaz\u0131lar\" rel=\"author\">admin<\/a>    <\/div>\n<\/div><\/div>                                    <\/div>\n                                <\/div>\n                            \t\t\t\t\t\t\t\t                                <div class=\"selector col-md-6 col-lg-3 post-6681 post type-post status-publish format-standard hentry category-apps category-social category-tech tag-apps tag-conference tag-developers\" id=\"id-6681\" data-id=\"6681\" > \n                                    <div class=\"o-blog-post h-fadeInUpNeuron wow\" data-wow-delay=0.6s >\n                                        <div class=\"o-blog-post__content\">\n    <h3 class=\"o-blog-post__title\">\n        <a href=\"https:\/\/pelit.tasarimliyoruz.com.tr\/index.php\/2018\/10\/16\/custom-post-layout-v2\/\">Custom Post Layout v2<\/a>\n    <\/h3>\n            <div class=\"o-blog-post__meta\">\n            <span class=\"o-blog-post__time\">\n    <svg xmlns=\"http:\/\/www.w3.org\/2000\/svg\" viewBox=\"0 0 24 24\" fill=\"none\" stroke-width=\"2\" stroke-linecap=\"round\" stroke-linejoin=\"round\" class=\"feather feather-clock\"><circle cx=\"12\" cy=\"12\" r=\"10\"><\/circle><polyline points=\"12 6 12 12 16 14\"><\/polyline><\/svg>\n    <span>16 Ekim 2018<\/span>\n<\/span><div class=\"a-seperator\">\n    <ul>\n        <svg xmlns=\"http:\/\/www.w3.org\/2000\/svg\" viewBox=\"0 0 24 24\" fill=\"none\" stroke-width=\"2\" stroke-linecap=\"round\" stroke-linejoin=\"round\" class=\"feather feather-folder\"><path d=\"M22 19a2 2 0 0 1-2 2H4a2 2 0 0 1-2-2V5a2 2 0 0 1 2-2h5l2 3h9a2 2 0 0 1 2 2z\"><\/path><\/svg>\n                    <li><a href=\"https:\/\/pelit.tasarimliyoruz.com.tr\/index.php\/category\/apps\/\">Apps<\/a><\/li>\n                    <li><a href=\"https:\/\/pelit.tasarimliyoruz.com.tr\/index.php\/category\/social\/\">Social<\/a><\/li>\n                    <li><a href=\"https:\/\/pelit.tasarimliyoruz.com.tr\/index.php\/category\/tech\/\">Tech<\/a><\/li>\n            <\/ul>\n<\/div>\n<div class=\"a-seperator\">\n    <ul>\n        <svg xmlns=\"http:\/\/www.w3.org\/2000\/svg\" viewBox=\"0 0 24 24\" fill=\"none\" stroke-width=\"2\" stroke-linecap=\"round\" stroke-linejoin=\"round\" class=\"feather feather-tag\"><path d=\"M20.59 13.41l-7.17 7.17a2 2 0 0 1-2.83 0L2 12V2h10l8.59 8.59a2 2 0 0 1 0 2.82z\"><\/path><line x1=\"7\" y1=\"7\" x2=\"7\" y2=\"7\"><\/line><\/svg>\n                    <li><a href=\"https:\/\/pelit.tasarimliyoruz.com.tr\/index.php\/tag\/apps\/\">Apps<\/a><\/li>\n                    <li><a href=\"https:\/\/pelit.tasarimliyoruz.com.tr\/index.php\/tag\/conference\/\">Conference<\/a><\/li>\n                    <li><a href=\"https:\/\/pelit.tasarimliyoruz.com.tr\/index.php\/tag\/developers\/\">Developers<\/a><\/li>\n            <\/ul>\n<\/div>        <\/div>\n        <p>Lorem ipsum dolor sit amet, consectetur adipiscing elit. Etiam blandit sem vel neque iaculis, vitae tempus lacus pellentesque&#8230;.<\/p>\n<div class=\"o-blog-post__author d-flex aling-items-center\">\n    <div class=\"avatar\">\n        <img alt='' src='https:\/\/secure.gravatar.com\/avatar\/f36a2f4b3f1605ca76729a2f5e4460c4714d37b542fb502c5be65be1b9e6f6d2?s=32&#038;d=mm&#038;r=g' srcset='https:\/\/secure.gravatar.com\/avatar\/f36a2f4b3f1605ca76729a2f5e4460c4714d37b542fb502c5be65be1b9e6f6d2?s=64&#038;d=mm&#038;r=g 2x' class='avatar avatar-32 photo' height='32' width='32' \/>    <\/div>\n    <div class=\"author-name\">\n        <a href=\"https:\/\/pelit.tasarimliyoruz.com.tr\/index.php\/author\/admin\/\" title=\"admin taraf\u0131ndan yaz\u0131lan yaz\u0131lar\" rel=\"author\">admin<\/a>    <\/div>\n<\/div><\/div>                                    <\/div>\n                                <\/div>\n                            \t\t\t\t\t\t\t\t                                <div class=\"selector col-md-6 col-lg-3 post-6679 post type-post status-publish format-standard hentry category-apps category-social category-tech tag-apps tag-conference tag-developers\" id=\"id-6679\" data-id=\"6679\" > \n                                    <div class=\"o-blog-post h-fadeInUpNeuron wow\" data-wow-delay=0.8s >\n                                        <div class=\"o-blog-post__content\">\n    <h3 class=\"o-blog-post__title\">\n        <a href=\"https:\/\/pelit.tasarimliyoruz.com.tr\/index.php\/2018\/10\/16\/custom-post-layout\/\">Custom Post Layout<\/a>\n    <\/h3>\n            <div class=\"o-blog-post__meta\">\n            <span class=\"o-blog-post__time\">\n    <svg xmlns=\"http:\/\/www.w3.org\/2000\/svg\" viewBox=\"0 0 24 24\" fill=\"none\" stroke-width=\"2\" stroke-linecap=\"round\" stroke-linejoin=\"round\" class=\"feather feather-clock\"><circle cx=\"12\" cy=\"12\" r=\"10\"><\/circle><polyline points=\"12 6 12 12 16 14\"><\/polyline><\/svg>\n    <span>16 Ekim 2018<\/span>\n<\/span><div class=\"a-seperator\">\n    <ul>\n        <svg xmlns=\"http:\/\/www.w3.org\/2000\/svg\" viewBox=\"0 0 24 24\" fill=\"none\" stroke-width=\"2\" stroke-linecap=\"round\" stroke-linejoin=\"round\" class=\"feather feather-folder\"><path d=\"M22 19a2 2 0 0 1-2 2H4a2 2 0 0 1-2-2V5a2 2 0 0 1 2-2h5l2 3h9a2 2 0 0 1 2 2z\"><\/path><\/svg>\n                    <li><a href=\"https:\/\/pelit.tasarimliyoruz.com.tr\/index.php\/category\/apps\/\">Apps<\/a><\/li>\n                    <li><a href=\"https:\/\/pelit.tasarimliyoruz.com.tr\/index.php\/category\/social\/\">Social<\/a><\/li>\n                    <li><a href=\"https:\/\/pelit.tasarimliyoruz.com.tr\/index.php\/category\/tech\/\">Tech<\/a><\/li>\n            <\/ul>\n<\/div>\n<div class=\"a-seperator\">\n    <ul>\n        <svg xmlns=\"http:\/\/www.w3.org\/2000\/svg\" viewBox=\"0 0 24 24\" fill=\"none\" stroke-width=\"2\" stroke-linecap=\"round\" stroke-linejoin=\"round\" class=\"feather feather-tag\"><path d=\"M20.59 13.41l-7.17 7.17a2 2 0 0 1-2.83 0L2 12V2h10l8.59 8.59a2 2 0 0 1 0 2.82z\"><\/path><line x1=\"7\" y1=\"7\" x2=\"7\" y2=\"7\"><\/line><\/svg>\n                    <li><a href=\"https:\/\/pelit.tasarimliyoruz.com.tr\/index.php\/tag\/apps\/\">Apps<\/a><\/li>\n                    <li><a href=\"https:\/\/pelit.tasarimliyoruz.com.tr\/index.php\/tag\/conference\/\">Conference<\/a><\/li>\n                    <li><a href=\"https:\/\/pelit.tasarimliyoruz.com.tr\/index.php\/tag\/developers\/\">Developers<\/a><\/li>\n            <\/ul>\n<\/div>        <\/div>\n        <p>Lorem ipsum dolor sit amet, consectetur adipiscing elit. Etiam blandit sem vel neque iaculis, vitae tempus lacus pellentesque&#8230;.<\/p>\n<div class=\"o-blog-post__author d-flex aling-items-center\">\n    <div class=\"avatar\">\n        <img alt='' src='https:\/\/secure.gravatar.com\/avatar\/f36a2f4b3f1605ca76729a2f5e4460c4714d37b542fb502c5be65be1b9e6f6d2?s=32&#038;d=mm&#038;r=g' srcset='https:\/\/secure.gravatar.com\/avatar\/f36a2f4b3f1605ca76729a2f5e4460c4714d37b542fb502c5be65be1b9e6f6d2?s=64&#038;d=mm&#038;r=g 2x' class='avatar avatar-32 photo' height='32' width='32' \/>    <\/div>\n    <div class=\"author-name\">\n        <a href=\"https:\/\/pelit.tasarimliyoruz.com.tr\/index.php\/author\/admin\/\" title=\"admin taraf\u0131ndan yaz\u0131lan yaz\u0131lar\" rel=\"author\">admin<\/a>    <\/div>\n<\/div><\/div>                                    <\/div>\n                                <\/div>\n                            \t\t\t\t\t\t\t\t                                <div class=\"selector col-md-6 col-lg-3 post-4448 post type-post status-publish format-standard hentry category-apps category-social category-tech tag-apps tag-conference tag-developers\" id=\"id-4448\" data-id=\"4448\" > \n                                    <div class=\"o-blog-post h-fadeInUpNeuron wow\" data-wow-delay=1s >\n                                        <div class=\"o-blog-post__content\">\n    <h3 class=\"o-blog-post__title\">\n        <a href=\"https:\/\/pelit.tasarimliyoruz.com.tr\/index.php\/2018\/10\/02\/post-layout-v5\/\">Post Layout v5<\/a>\n    <\/h3>\n            <div class=\"o-blog-post__meta\">\n            <span class=\"o-blog-post__time\">\n    <svg xmlns=\"http:\/\/www.w3.org\/2000\/svg\" viewBox=\"0 0 24 24\" fill=\"none\" stroke-width=\"2\" stroke-linecap=\"round\" stroke-linejoin=\"round\" class=\"feather feather-clock\"><circle cx=\"12\" cy=\"12\" r=\"10\"><\/circle><polyline points=\"12 6 12 12 16 14\"><\/polyline><\/svg>\n    <span>2 Ekim 2018<\/span>\n<\/span><div class=\"a-seperator\">\n    <ul>\n        <svg xmlns=\"http:\/\/www.w3.org\/2000\/svg\" viewBox=\"0 0 24 24\" fill=\"none\" stroke-width=\"2\" stroke-linecap=\"round\" stroke-linejoin=\"round\" class=\"feather feather-folder\"><path d=\"M22 19a2 2 0 0 1-2 2H4a2 2 0 0 1-2-2V5a2 2 0 0 1 2-2h5l2 3h9a2 2 0 0 1 2 2z\"><\/path><\/svg>\n                    <li><a href=\"https:\/\/pelit.tasarimliyoruz.com.tr\/index.php\/category\/apps\/\">Apps<\/a><\/li>\n                    <li><a href=\"https:\/\/pelit.tasarimliyoruz.com.tr\/index.php\/category\/social\/\">Social<\/a><\/li>\n                    <li><a href=\"https:\/\/pelit.tasarimliyoruz.com.tr\/index.php\/category\/tech\/\">Tech<\/a><\/li>\n            <\/ul>\n<\/div>\n<div class=\"a-seperator\">\n    <ul>\n        <svg xmlns=\"http:\/\/www.w3.org\/2000\/svg\" viewBox=\"0 0 24 24\" fill=\"none\" stroke-width=\"2\" stroke-linecap=\"round\" stroke-linejoin=\"round\" class=\"feather feather-tag\"><path d=\"M20.59 13.41l-7.17 7.17a2 2 0 0 1-2.83 0L2 12V2h10l8.59 8.59a2 2 0 0 1 0 2.82z\"><\/path><line x1=\"7\" y1=\"7\" x2=\"7\" y2=\"7\"><\/line><\/svg>\n                    <li><a href=\"https:\/\/pelit.tasarimliyoruz.com.tr\/index.php\/tag\/apps\/\">Apps<\/a><\/li>\n                    <li><a href=\"https:\/\/pelit.tasarimliyoruz.com.tr\/index.php\/tag\/conference\/\">Conference<\/a><\/li>\n                    <li><a href=\"https:\/\/pelit.tasarimliyoruz.com.tr\/index.php\/tag\/developers\/\">Developers<\/a><\/li>\n            <\/ul>\n<\/div>        <\/div>\n        <p>Lorem ipsum dolor sit amet, consectetur adipiscing elit. Etiam blandit sem vel neque iaculis, vitae tempus lacus pellentesque&#8230;.<\/p>\n<div class=\"o-blog-post__author d-flex aling-items-center\">\n    <div class=\"avatar\">\n        <img alt='' src='https:\/\/secure.gravatar.com\/avatar\/f36a2f4b3f1605ca76729a2f5e4460c4714d37b542fb502c5be65be1b9e6f6d2?s=32&#038;d=mm&#038;r=g' srcset='https:\/\/secure.gravatar.com\/avatar\/f36a2f4b3f1605ca76729a2f5e4460c4714d37b542fb502c5be65be1b9e6f6d2?s=64&#038;d=mm&#038;r=g 2x' class='avatar avatar-32 photo' height='32' width='32' \/>    <\/div>\n    <div class=\"author-name\">\n        <a href=\"https:\/\/pelit.tasarimliyoruz.com.tr\/index.php\/author\/admin\/\" title=\"admin taraf\u0131ndan yaz\u0131lan yaz\u0131lar\" rel=\"author\">admin<\/a>    <\/div>\n<\/div><\/div>                                    <\/div>\n                                <\/div>\n                            \t\t\t\t\t\t\t\t                                <div class=\"selector col-md-6 col-lg-3 post-3657 post type-post status-publish format-standard hentry category-apps category-social category-tech tag-apps tag-conference tag-developers\" id=\"id-3657\" data-id=\"3657\" > \n                                    <div class=\"o-blog-post h-fadeInUpNeuron wow\"  >\n                                        <div class=\"o-blog-post__content\">\n    <h3 class=\"o-blog-post__title\">\n        <a href=\"https:\/\/pelit.tasarimliyoruz.com.tr\/index.php\/2018\/10\/01\/post-layout-v4\/\">Post Layout v4<\/a>\n    <\/h3>\n            <div class=\"o-blog-post__meta\">\n            <span class=\"o-blog-post__time\">\n    <svg xmlns=\"http:\/\/www.w3.org\/2000\/svg\" viewBox=\"0 0 24 24\" fill=\"none\" stroke-width=\"2\" stroke-linecap=\"round\" stroke-linejoin=\"round\" class=\"feather feather-clock\"><circle cx=\"12\" cy=\"12\" r=\"10\"><\/circle><polyline points=\"12 6 12 12 16 14\"><\/polyline><\/svg>\n    <span>1 Ekim 2018<\/span>\n<\/span><div class=\"a-seperator\">\n    <ul>\n        <svg xmlns=\"http:\/\/www.w3.org\/2000\/svg\" viewBox=\"0 0 24 24\" fill=\"none\" stroke-width=\"2\" stroke-linecap=\"round\" stroke-linejoin=\"round\" class=\"feather feather-folder\"><path d=\"M22 19a2 2 0 0 1-2 2H4a2 2 0 0 1-2-2V5a2 2 0 0 1 2-2h5l2 3h9a2 2 0 0 1 2 2z\"><\/path><\/svg>\n                    <li><a href=\"https:\/\/pelit.tasarimliyoruz.com.tr\/index.php\/category\/apps\/\">Apps<\/a><\/li>\n                    <li><a href=\"https:\/\/pelit.tasarimliyoruz.com.tr\/index.php\/category\/social\/\">Social<\/a><\/li>\n                    <li><a href=\"https:\/\/pelit.tasarimliyoruz.com.tr\/index.php\/category\/tech\/\">Tech<\/a><\/li>\n            <\/ul>\n<\/div>\n<div class=\"a-seperator\">\n    <ul>\n        <svg xmlns=\"http:\/\/www.w3.org\/2000\/svg\" viewBox=\"0 0 24 24\" fill=\"none\" stroke-width=\"2\" stroke-linecap=\"round\" stroke-linejoin=\"round\" class=\"feather feather-tag\"><path d=\"M20.59 13.41l-7.17 7.17a2 2 0 0 1-2.83 0L2 12V2h10l8.59 8.59a2 2 0 0 1 0 2.82z\"><\/path><line x1=\"7\" y1=\"7\" x2=\"7\" y2=\"7\"><\/line><\/svg>\n                    <li><a href=\"https:\/\/pelit.tasarimliyoruz.com.tr\/index.php\/tag\/apps\/\">Apps<\/a><\/li>\n                    <li><a href=\"https:\/\/pelit.tasarimliyoruz.com.tr\/index.php\/tag\/conference\/\">Conference<\/a><\/li>\n                    <li><a href=\"https:\/\/pelit.tasarimliyoruz.com.tr\/index.php\/tag\/developers\/\">Developers<\/a><\/li>\n            <\/ul>\n<\/div>        <\/div>\n        <p>Lorem ipsum dolor sit amet, consectetur adipiscing elit. Etiam blandit sem vel neque iaculis, vitae tempus lacus pellentesque&#8230;.<\/p>\n<div class=\"o-blog-post__author d-flex aling-items-center\">\n    <div class=\"avatar\">\n        <img alt='' src='https:\/\/secure.gravatar.com\/avatar\/f36a2f4b3f1605ca76729a2f5e4460c4714d37b542fb502c5be65be1b9e6f6d2?s=32&#038;d=mm&#038;r=g' srcset='https:\/\/secure.gravatar.com\/avatar\/f36a2f4b3f1605ca76729a2f5e4460c4714d37b542fb502c5be65be1b9e6f6d2?s=64&#038;d=mm&#038;r=g 2x' class='avatar avatar-32 photo' height='32' width='32' \/>    <\/div>\n    <div class=\"author-name\">\n        <a href=\"https:\/\/pelit.tasarimliyoruz.com.tr\/index.php\/author\/admin\/\" title=\"admin taraf\u0131ndan yaz\u0131lan yaz\u0131lar\" rel=\"author\">admin<\/a>    <\/div>\n<\/div><\/div>                                    <\/div>\n                                <\/div>\n                                                    <\/div>\n\t\t\t\t\t\t                            <div class=\"load-more-posts-holder h-align-center h-medium-top-padding\">\n                                <button type=\"button\" class=\"a-button a-button--regular a-button--theme-color load-more-posts\" data-text=\"Show More\" data-nofilters=\"false\">Show More<\/button>\n                            <\/div>\n                                            <\/div>\n                <\/div>\n                            <\/div>\n        <\/div>\n\t\t    \t\t\t\t<\/div>\n\t\t\t\t<\/div>\n\t\t\t\t\t<\/div>\n\t\t<\/div>\n\t\t\t\t\t<\/div>\n\t\t<\/section>\n\t\t\t\t<\/div>\n\t\t","protected":false},"excerpt":{"rendered":"<p>Post Layout v5 October 2, 2018 Apps Social Tech Apps Conference Developers Lorem ipsum dolor sit amet, consectetur&#8230;<\/p>\n","protected":false},"author":1,"featured_media":0,"parent":3162,"menu_order":31,"comment_status":"closed","ping_status":"closed","template":"","meta":{"footnotes":""},"class_list":["post-198","page","type-page","status-publish","hentry"],"_links":{"self":[{"href":"https:\/\/pelit.tasarimliyoruz.com.tr\/index.php\/wp-json\/wp\/v2\/pages\/198","targetHints":{"allow":["GET"]}}],"collection":[{"href":"https:\/\/pelit.tasarimliyoruz.com.tr\/index.php\/wp-json\/wp\/v2\/pages"}],"about":[{"href":"https:\/\/pelit.tasarimliyoruz.com.tr\/index.php\/wp-json\/wp\/v2\/types\/page"}],"author":[{"embeddable":true,"href":"https:\/\/pelit.tasarimliyoruz.com.tr\/index.php\/wp-json\/wp\/v2\/users\/1"}],"replies":[{"embeddable":true,"href":"https:\/\/pelit.tasarimliyoruz.com.tr\/index.php\/wp-json\/wp\/v2\/comments?post=198"}],"version-history":[{"count":1,"href":"https:\/\/pelit.tasarimliyoruz.com.tr\/index.php\/wp-json\/wp\/v2\/pages\/198\/revisions"}],"predecessor-version":[{"id":10428,"href":"https:\/\/pelit.tasarimliyoruz.com.tr\/index.php\/wp-json\/wp\/v2\/pages\/198\/revisions\/10428"}],"up":[{"embeddable":true,"href":"https:\/\/pelit.tasarimliyoruz.com.tr\/index.php\/wp-json\/wp\/v2\/pages\/3162"}],"wp:attachment":[{"href":"https:\/\/pelit.tasarimliyoruz.com.tr\/index.php\/wp-json\/wp\/v2\/media?parent=198"}],"curies":[{"name":"wp","href":"https:\/\/api.w.org\/{rel}","templated":true}]}}